{"id":38,"date":"2022-10-18T17:08:01","date_gmt":"2022-10-18T20:08:01","guid":{"rendered":"https:\/\/jdmsconsulting.com.br\/?page_id=38"},"modified":"2022-10-20T09:21:14","modified_gmt":"2022-10-20T12:21:14","slug":"servicos","status":"publish","type":"page","link":"https:\/\/jdmsconsulting.com.br\/?page_id=38","title":{"rendered":"Servi\u00e7os"},"content":{"rendered":"\n<div class=\"wp-block-columns is-layout-flex wp-container-core-columns-is-layout-9d6595d7 wp-block-columns-is-layout-flex\">\n<div class=\"wp-block-column is-layout-flow wp-block-column-is-layout-flow\">\n<figure class=\"wp-block-image size-full\"><img loading=\"lazy\" decoding=\"async\" width=\"676\" height=\"451\" src=\"http:\/\/jdmsconsulting.com.br\/wp-content\/uploads\/2022\/10\/mbr-1-676x451-1.jpg\" alt=\"\" class=\"wp-image-86\" srcset=\"https:\/\/jdmsconsulting.com.br\/wp-content\/uploads\/2022\/10\/mbr-1-676x451-1.jpg 676w, https:\/\/jdmsconsulting.com.br\/wp-content\/uploads\/2022\/10\/mbr-1-676x451-1-300x200.jpg 300w\" sizes=\"auto, (max-width: 676px) 100vw, 676px\" \/><\/figure>\n\n\n\n<h5 class=\"wp-block-heading\">Cadastros de Produtos e Servi\u00e7os<\/h5>\n\n\n\n<p>A classifica\u00e7\u00e3o fiscal e\/ou descri\u00e7\u00e3o incorreta de produtos e servi\u00e7os podem trazer in\u00fameros problemas ao contribuinte, como o enquadramento tribut\u00e1rio inadequado em suas opera\u00e7\u00f5es. Conhe\u00e7a os servi\u00e7os que podem ajud\u00e1-lo neste processo.<\/p>\n\n\n\n<div class=\"wp-block-buttons is-layout-flex wp-block-buttons-is-layout-flex\">\n<div class=\"wp-block-button aligncenter\"><a class=\"wp-block-button__link\" href=\"https:\/\/jdmsconsulting.com.br\/?page_id=165\">Veja mais<\/a><\/div>\n<\/div>\n<\/div>\n\n\n\n<div class=\"wp-block-column is-layout-flow wp-block-column-is-layout-flow\">\n<figure class=\"wp-block-image size-full\"><img loading=\"lazy\" decoding=\"async\" width=\"676\" height=\"450\" src=\"http:\/\/jdmsconsulting.com.br\/wp-content\/uploads\/2022\/10\/mbr-676x450-1.jpg\" alt=\"\" class=\"wp-image-92\" srcset=\"https:\/\/jdmsconsulting.com.br\/wp-content\/uploads\/2022\/10\/mbr-676x450-1.jpg 676w, https:\/\/jdmsconsulting.com.br\/wp-content\/uploads\/2022\/10\/mbr-676x450-1-300x200.jpg 300w\" sizes=\"auto, (max-width: 676px) 100vw, 676px\" \/><\/figure>\n\n\n\n<h5 class=\"wp-block-heading\">Consultoria Tribut\u00e1ria<\/h5>\n\n\n\n<p>Consultoria tribut\u00e1ria especializada na revis\u00e3o de procedimentos fiscais e na interpreta\u00e7\u00e3o da complexa legisla\u00e7\u00e3o tribut\u00e1ria.<\/p>\n\n\n\n<div class=\"wp-block-buttons is-layout-flex wp-block-buttons-is-layout-flex\">\n<div class=\"wp-block-button aligncenter\"><a class=\"wp-block-button__link\" href=\"https:\/\/jdmsconsulting.com.br\/?page_id=167\">Veja mais<\/a><\/div>\n<\/div>\n<\/div>\n\n\n\n<div class=\"wp-block-column is-layout-flow wp-block-column-is-layout-flow\">\n<figure class=\"wp-block-image size-full\"><img loading=\"lazy\" decoding=\"async\" width=\"492\" height=\"328\" src=\"http:\/\/jdmsconsulting.com.br\/wp-content\/uploads\/2022\/10\/mbr-1-492x328-1.jpg\" alt=\"\" class=\"wp-image-85\" srcset=\"https:\/\/jdmsconsulting.com.br\/wp-content\/uploads\/2022\/10\/mbr-1-492x328-1.jpg 492w, https:\/\/jdmsconsulting.com.br\/wp-content\/uploads\/2022\/10\/mbr-1-492x328-1-300x200.jpg 300w\" sizes=\"auto, (max-width: 492px) 100vw, 492px\" \/><\/figure>\n\n\n\n<h5 class=\"wp-block-heading\">Parametriza\u00e7\u00e3o Fiscal\/Tribut\u00e1rio<\/h5>\n\n\n\n<p>Com foco nas entregas das obriga\u00e7\u00f5es fiscais no ambiente SPED, realizamos a Consultoria Funcional e Fiscal para implementa\u00e7\u00e3o de Solu\u00e7\u00e3o Fiscal ou ERP (SAP, Oracle, Legados) e a revis\u00e3o das parametriza\u00e7\u00f5es fiscais para fins de Compliance fiscal.<\/p>\n\n\n\n<div class=\"wp-block-buttons is-layout-flex wp-block-buttons-is-layout-flex\">\n<div class=\"wp-block-button aligncenter\"><a class=\"wp-block-button__link\" href=\"https:\/\/jdmsconsulting.com.br\/?page_id=169\">Veja mais<\/a><\/div>\n<\/div>\n<\/div>\n\n\n\n<div class=\"wp-block-column is-layout-flow wp-block-column-is-layout-flow\">\n<figure class=\"wp-block-image size-full\"><img loading=\"lazy\" decoding=\"async\" width=\"676\" height=\"451\" src=\"http:\/\/jdmsconsulting.com.br\/wp-content\/uploads\/2022\/10\/mbr-8-676x451-1.jpg\" alt=\"\" class=\"wp-image-90\" srcset=\"https:\/\/jdmsconsulting.com.br\/wp-content\/uploads\/2022\/10\/mbr-8-676x451-1.jpg 676w, https:\/\/jdmsconsulting.com.br\/wp-content\/uploads\/2022\/10\/mbr-8-676x451-1-300x200.jpg 300w\" sizes=\"auto, (max-width: 676px) 100vw, 676px\" \/><\/figure>\n\n\n\n<h5 class=\"wp-block-heading\">Universidade JDMS<\/h5>\n\n\n\n<p>Com o objetivo de formar m\u00e3o-de-obra qualificada e desenvolver nosso ecossistema, nos propomos \u00e0 forma\u00e7\u00e3o de Consultores e Analistas Funcionais, atuando por meio de parcerias com institui\u00e7\u00f5es de Ensino T\u00e9cnico, Universidades ou Empresas de Solu\u00e7\u00f5es Fiscais e ERP<\/p>\n\n\n\n<p><\/p>\n\n\n\n<div class=\"wp-block-buttons is-layout-flex wp-block-buttons-is-layout-flex\">\n<div class=\"wp-block-button aligncenter\"><a class=\"wp-block-button__link\" href=\"https:\/\/jdmsconsulting.com.br\/?page_id=171\">Veja mais<\/a><\/div>\n<\/div>\n<\/div>\n<\/div>\n\n\n\n<div class=\"wp-block-columns is-layout-flex wp-container-core-columns-is-layout-9d6595d7 wp-block-columns-is-layout-flex\">\n<div class=\"wp-block-column is-layout-flow wp-block-column-is-layout-flow\">\n<figure class=\"wp-block-image size-full\"><img loading=\"lazy\" decoding=\"async\" width=\"676\" height=\"451\" src=\"http:\/\/jdmsconsulting.com.br\/wp-content\/uploads\/2022\/10\/mbr-9-676x451-1.jpg\" alt=\"\" class=\"wp-image-91\" srcset=\"https:\/\/jdmsconsulting.com.br\/wp-content\/uploads\/2022\/10\/mbr-9-676x451-1.jpg 676w, https:\/\/jdmsconsulting.com.br\/wp-content\/uploads\/2022\/10\/mbr-9-676x451-1-300x200.jpg 300w\" sizes=\"auto, (max-width: 676px) 100vw, 676px\" \/><\/figure>\n\n\n\n<h5 class=\"wp-block-heading\">Recupera\u00e7\u00e3o de Cr\u00e9ditos<\/h5>\n\n\n\n<p>An\u00e1lise, levantamento de informa\u00e7\u00f5es e elabora\u00e7\u00e3o de processos para recupera\u00e7\u00e3o de cr\u00e9ditos Tribut\u00e1rios.<\/p>\n\n\n\n<div class=\"wp-block-buttons is-layout-flex wp-block-buttons-is-layout-flex\">\n<div class=\"wp-block-button\"><a class=\"wp-block-button__link\" href=\"https:\/\/jdmsconsulting.com.br\/?page_id=173\">Veja mais<\/a><\/div>\n<\/div>\n<\/div>\n\n\n\n<div class=\"wp-block-column is-layout-flow wp-block-column-is-layout-flow\">\n<figure class=\"wp-block-image size-full\"><img loading=\"lazy\" decoding=\"async\" width=\"676\" height=\"451\" src=\"http:\/\/jdmsconsulting.com.br\/wp-content\/uploads\/2022\/10\/mbr-676x451-1.jpg\" alt=\"\" class=\"wp-image-93\" srcset=\"https:\/\/jdmsconsulting.com.br\/wp-content\/uploads\/2022\/10\/mbr-676x451-1.jpg 676w, https:\/\/jdmsconsulting.com.br\/wp-content\/uploads\/2022\/10\/mbr-676x451-1-300x200.jpg 300w\" sizes=\"auto, (max-width: 676px) 100vw, 676px\" \/><\/figure>\n\n\n\n<h5 class=\"wp-block-heading\">Auditoria Fiscal e Tribut\u00e1ria<\/h5>\n\n\n\n<p>Afim de identificar e corrigir qualquer inconsist\u00eancia na rotina fiscal e tribut\u00e1ria do contribuinte, examinamos os procedimentos aplicados com base nas normas estabelecidas pelo Fisco.<\/p>\n\n\n\n<div class=\"wp-block-buttons is-layout-flex wp-block-buttons-is-layout-flex\">\n<div class=\"wp-block-button aligncenter\"><a class=\"wp-block-button__link\" href=\"https:\/\/jdmsconsulting.com.br\/?page_id=175\">Veja mais<\/a><\/div>\n<\/div>\n<\/div>\n\n\n\n<div class=\"wp-block-column is-layout-flow wp-block-column-is-layout-flow\">\n<figure class=\"wp-block-image size-full\"><img loading=\"lazy\" decoding=\"async\" width=\"676\" height=\"451\" src=\"http:\/\/jdmsconsulting.com.br\/wp-content\/uploads\/2022\/10\/mbr-8-676x451-1.jpg\" alt=\"\" class=\"wp-image-90\" srcset=\"https:\/\/jdmsconsulting.com.br\/wp-content\/uploads\/2022\/10\/mbr-8-676x451-1.jpg 676w, https:\/\/jdmsconsulting.com.br\/wp-content\/uploads\/2022\/10\/mbr-8-676x451-1-300x200.jpg 300w\" sizes=\"auto, (max-width: 676px) 100vw, 676px\" \/><\/figure>\n\n\n\n<h5 class=\"wp-block-heading\">Nossos Cursos<\/h5>\n\n\n\n<p>Ministramos cursos e treinamentos presenciais e a dist\u00e2ncia, para a capacita\u00e7\u00e3o de colaboradores, com o objetivo de evitar riscos com o fisco e de demandas judiciais.<\/p>\n\n\n\n<div class=\"wp-block-buttons is-layout-flex wp-block-buttons-is-layout-flex\">\n<div class=\"wp-block-button aligncenter\"><a class=\"wp-block-button__link\" href=\"https:\/\/jdmsconsulting.com.br\/?page_id=177\">Veja mais<\/a><\/div>\n<\/div>\n<\/div>\n<\/div>\n","protected":false},"excerpt":{"rendered":"<p>Cadastros de Produtos e Servi\u00e7os A classifica\u00e7\u00e3o fiscal e\/ou descri\u00e7\u00e3o incorreta de produtos e servi\u00e7os podem trazer in\u00fameros problemas ao contribuinte, como o enquadramento tribut\u00e1rio inadequado em suas opera\u00e7\u00f5es. Conhe\u00e7a os servi\u00e7os que podem ajud\u00e1-lo neste processo. Consultoria Tribut\u00e1ria Consultoria tribut\u00e1ria especializada na revis\u00e3o de procedimentos fiscais e na interpreta\u00e7\u00e3o da complexa legisla\u00e7\u00e3o tribut\u00e1ria. Parametriza\u00e7\u00e3o [&hellip;]<\/p>\n","protected":false},"author":1,"featured_media":0,"parent":0,"menu_order":0,"comment_status":"closed","ping_status":"closed","template":"","meta":{"footnotes":""},"class_list":["post-38","page","type-page","status-publish","hentry"],"_links":{"self":[{"href":"https:\/\/jdmsconsulting.com.br\/index.php?rest_route=\/wp\/v2\/pages\/38","targetHints":{"allow":["GET"]}}],"collection":[{"href":"https:\/\/jdmsconsulting.com.br\/index.php?rest_route=\/wp\/v2\/pages"}],"about":[{"href":"https:\/\/jdmsconsulting.com.br\/index.php?rest_route=\/wp\/v2\/types\/page"}],"author":[{"embeddable":true,"href":"https:\/\/jdmsconsulting.com.br\/index.php?rest_route=\/wp\/v2\/users\/1"}],"replies":[{"embeddable":true,"href":"https:\/\/jdmsconsulting.com.br\/index.php?rest_route=%2Fwp%2Fv2%2Fcomments&post=38"}],"version-history":[{"count":5,"href":"https:\/\/jdmsconsulting.com.br\/index.php?rest_route=\/wp\/v2\/pages\/38\/revisions"}],"predecessor-version":[{"id":180,"href":"https:\/\/jdmsconsulting.com.br\/index.php?rest_route=\/wp\/v2\/pages\/38\/revisions\/180"}],"wp:attachment":[{"href":"https:\/\/jdmsconsulting.com.br\/index.php?rest_route=%2Fwp%2Fv2%2Fmedia&parent=38"}],"curies":[{"name":"wp","href":"https:\/\/api.w.org\/{rel}","templated":true}]}}