{"id":175,"date":"2022-10-20T09:18:02","date_gmt":"2022-10-20T12:18:02","guid":{"rendered":"https:\/\/jdmsconsulting.com.br\/?page_id=175"},"modified":"2022-10-20T09:18:02","modified_gmt":"2022-10-20T12:18:02","slug":"auditoria-fiscal-e-tributaria","status":"publish","type":"page","link":"https:\/\/jdmsconsulting.com.br\/?page_id=175","title":{"rendered":"Auditoria Fiscal e Tribut\u00e1ria"},"content":{"rendered":"\n<ul class=\"wp-block-list\"><li><strong>VALIDA\u00c7\u00c3O DE DOCUMENTOS FISCAIS ELETR\u00d4NICOS &#8211;\u00a0<\/strong>Valida\u00e7\u00e3o de arquivos XML e NFS-e nos aspectos tribut\u00e1rios e codifica\u00e7\u00f5es fiscais.<\/li><li><strong>DIAGN\u00d3STICOS<\/strong>\u00a0&#8211; \u00a0Identifica\u00e7\u00e3o de inconsist\u00eancias nas pr\u00e1ticas de apura\u00e7\u00e3o dos impostos Diretos e Indiretos evitando exposi\u00e7\u00e3o de riscos para a empresa.<\/li><li><strong>REGULARIZA\u00c7\u00c3O DE CIAP<\/strong>\u00a0&#8211; Comporta o mapeamento, Revis\u00e3o e c\u00e1lculo de cr\u00e9dito de ICMS aplic\u00e1veis ao Controle de Cr\u00e9dito do ICMS do Ativo Permanente.\u00a0<\/li><li><strong>CRUZAMENTO ENTRE OBRIGA\u00c7\u00d5ES<\/strong>\u00a0&#8211; Cruzamento das informa\u00e7\u00f5es enviadas entre obriga\u00e7\u00f5es como SPED x XML (documento fiscal eletr\u00f4nico) x GIA (ou demais obriga\u00e7\u00f5es estaduais).<\/li><\/ul>\n","protected":false},"excerpt":{"rendered":"<p>VALIDA\u00c7\u00c3O DE DOCUMENTOS FISCAIS ELETR\u00d4NICOS &#8211;\u00a0Valida\u00e7\u00e3o de arquivos XML e NFS-e nos aspectos tribut\u00e1rios e codifica\u00e7\u00f5es fiscais. DIAGN\u00d3STICOS\u00a0&#8211; \u00a0Identifica\u00e7\u00e3o de inconsist\u00eancias nas pr\u00e1ticas de apura\u00e7\u00e3o dos impostos Diretos e Indiretos evitando exposi\u00e7\u00e3o de riscos para a empresa. REGULARIZA\u00c7\u00c3O DE CIAP\u00a0&#8211; Comporta o mapeamento, Revis\u00e3o e c\u00e1lculo de cr\u00e9dito de ICMS aplic\u00e1veis ao Controle de Cr\u00e9dito [&hellip;]<\/p>\n","protected":false},"author":1,"featured_media":0,"parent":0,"menu_order":0,"comment_status":"closed","ping_status":"closed","template":"","meta":{"footnotes":""},"class_list":["post-175","page","type-page","status-publish","hentry"],"_links":{"self":[{"href":"https:\/\/jdmsconsulting.com.br\/index.php?rest_route=\/wp\/v2\/pages\/175","targetHints":{"allow":["GET"]}}],"collection":[{"href":"https:\/\/jdmsconsulting.com.br\/index.php?rest_route=\/wp\/v2\/pages"}],"about":[{"href":"https:\/\/jdmsconsulting.com.br\/index.php?rest_route=\/wp\/v2\/types\/page"}],"author":[{"embeddable":true,"href":"https:\/\/jdmsconsulting.com.br\/index.php?rest_route=\/wp\/v2\/users\/1"}],"replies":[{"embeddable":true,"href":"https:\/\/jdmsconsulting.com.br\/index.php?rest_route=%2Fwp%2Fv2%2Fcomments&post=175"}],"version-history":[{"count":1,"href":"https:\/\/jdmsconsulting.com.br\/index.php?rest_route=\/wp\/v2\/pages\/175\/revisions"}],"predecessor-version":[{"id":176,"href":"https:\/\/jdmsconsulting.com.br\/index.php?rest_route=\/wp\/v2\/pages\/175\/revisions\/176"}],"wp:attachment":[{"href":"https:\/\/jdmsconsulting.com.br\/index.php?rest_route=%2Fwp%2Fv2%2Fmedia&parent=175"}],"curies":[{"name":"wp","href":"https:\/\/api.w.org\/{rel}","templated":true}]}}