{"id":173,"date":"2022-10-20T09:17:02","date_gmt":"2022-10-20T12:17:02","guid":{"rendered":"https:\/\/jdmsconsulting.com.br\/?page_id=173"},"modified":"2022-10-20T09:17:02","modified_gmt":"2022-10-20T12:17:02","slug":"recuperacao-de-creditos","status":"publish","type":"page","link":"https:\/\/jdmsconsulting.com.br\/?page_id=173","title":{"rendered":"Recupera\u00e7\u00e3o de Cr\u00e9ditos"},"content":{"rendered":"\n<ul class=\"wp-block-list\"><li><strong>AN\u00c1LISE, LEVANTAMENTO DE DADOS E ELABORA\u00c7\u00c3O DE PROCESSOS PARA RECUPERA\u00c7\u00c3O DE CR\u00c9DITOS TRIBUT\u00c1RIOS E PREVIDENCI\u00c1RIOS:<\/strong><\/li><li><strong>ICMS E ICMS-ST<\/strong>\u00a0&#8211; Levantamento de dados e an\u00e1lise das opera\u00e7\u00f5es com ressarcimento de ICMS Pr\u00f3prio e ICMS ST. Gera\u00e7\u00e3o do arquivo digital Estadual conforme layout dispon\u00edvel pela SEFAZ.<\/li><li><strong>PIS\/COFINS<\/strong>\u00a0&#8211; An\u00e1lise de documentos e opera\u00e7\u00f5es pass\u00edveis de cr\u00e9dito conforme atividades e finalidades de cada situa\u00e7\u00e3o.<\/li><\/ul>\n","protected":false},"excerpt":{"rendered":"<p>AN\u00c1LISE, LEVANTAMENTO DE DADOS E ELABORA\u00c7\u00c3O DE PROCESSOS PARA RECUPERA\u00c7\u00c3O DE CR\u00c9DITOS TRIBUT\u00c1RIOS E PREVIDENCI\u00c1RIOS: ICMS E ICMS-ST\u00a0&#8211; Levantamento de dados e an\u00e1lise das opera\u00e7\u00f5es com ressarcimento de ICMS Pr\u00f3prio e ICMS ST. Gera\u00e7\u00e3o do arquivo digital Estadual conforme layout dispon\u00edvel pela SEFAZ. PIS\/COFINS\u00a0&#8211; An\u00e1lise de documentos e opera\u00e7\u00f5es pass\u00edveis de cr\u00e9dito conforme atividades e [&hellip;]<\/p>\n","protected":false},"author":1,"featured_media":0,"parent":0,"menu_order":0,"comment_status":"closed","ping_status":"closed","template":"","meta":{"footnotes":""},"class_list":["post-173","page","type-page","status-publish","hentry"],"_links":{"self":[{"href":"https:\/\/jdmsconsulting.com.br\/index.php?rest_route=\/wp\/v2\/pages\/173","targetHints":{"allow":["GET"]}}],"collection":[{"href":"https:\/\/jdmsconsulting.com.br\/index.php?rest_route=\/wp\/v2\/pages"}],"about":[{"href":"https:\/\/jdmsconsulting.com.br\/index.php?rest_route=\/wp\/v2\/types\/page"}],"author":[{"embeddable":true,"href":"https:\/\/jdmsconsulting.com.br\/index.php?rest_route=\/wp\/v2\/users\/1"}],"replies":[{"embeddable":true,"href":"https:\/\/jdmsconsulting.com.br\/index.php?rest_route=%2Fwp%2Fv2%2Fcomments&post=173"}],"version-history":[{"count":1,"href":"https:\/\/jdmsconsulting.com.br\/index.php?rest_route=\/wp\/v2\/pages\/173\/revisions"}],"predecessor-version":[{"id":174,"href":"https:\/\/jdmsconsulting.com.br\/index.php?rest_route=\/wp\/v2\/pages\/173\/revisions\/174"}],"wp:attachment":[{"href":"https:\/\/jdmsconsulting.com.br\/index.php?rest_route=%2Fwp%2Fv2%2Fmedia&parent=173"}],"curies":[{"name":"wp","href":"https:\/\/api.w.org\/{rel}","templated":true}]}}