{"id":171,"date":"2022-10-20T09:15:49","date_gmt":"2022-10-20T12:15:49","guid":{"rendered":"https:\/\/jdmsconsulting.com.br\/?page_id=171"},"modified":"2022-10-20T09:15:49","modified_gmt":"2022-10-20T12:15:49","slug":"a-universidade-tax-vision","status":"publish","type":"page","link":"https:\/\/jdmsconsulting.com.br\/?page_id=171","title":{"rendered":"A Universidade Tax Vision"},"content":{"rendered":"\n<p>Com o objetivo de formar m\u00e3o-de-obra qualificada e desenvolver nosso ecossistema, nos propomos \u00e0 forma\u00e7\u00e3o de Consultores e Analistas Funcionais, atuando por meio de parcerias com institui\u00e7\u00f5es de Ensino T\u00e9cnico, Universidades ou Empresas de Solu\u00e7\u00f5es Fiscais e ERP.<br>De forma l\u00fadica, o projeto abrange o desenvolvimento de conte\u00fados exclusivos e v\u00eddeos de treinamento que demonstram o papel das solu\u00e7\u00f5es fiscais nos cen\u00e1rios das empresas brasileiras desde a extra\u00e7\u00e3o dos dados do ERP at\u00e9 o c\u00e1lculo de impostos, o processo de emiss\u00e3o de notas fiscais em \u201cmotor de c\u00e1lculo\u201d e como s\u00e3o geradas as obriga\u00e7\u00f5es acess\u00f3rias pelas solu\u00e7\u00f5es fiscais no Brasil.<br>Quer saber mais detalhes de como desenvolver a Universidade Personalizada para a sua Empresa?\u00a0<a href=\"https:\/\/www.taxvision.com.br\/Contato.html\"><strong>Entre em contato conosco.<\/strong><\/a><\/p>\n","protected":false},"excerpt":{"rendered":"<p>Com o objetivo de formar m\u00e3o-de-obra qualificada e desenvolver nosso ecossistema, nos propomos \u00e0 forma\u00e7\u00e3o de Consultores e Analistas Funcionais, atuando por meio de parcerias com institui\u00e7\u00f5es de Ensino T\u00e9cnico, Universidades ou Empresas de Solu\u00e7\u00f5es Fiscais e ERP.De forma l\u00fadica, o projeto abrange o desenvolvimento de conte\u00fados exclusivos e v\u00eddeos de treinamento que demonstram o [&hellip;]<\/p>\n","protected":false},"author":1,"featured_media":0,"parent":0,"menu_order":0,"comment_status":"closed","ping_status":"closed","template":"","meta":{"footnotes":""},"class_list":["post-171","page","type-page","status-publish","hentry"],"_links":{"self":[{"href":"https:\/\/jdmsconsulting.com.br\/index.php?rest_route=\/wp\/v2\/pages\/171","targetHints":{"allow":["GET"]}}],"collection":[{"href":"https:\/\/jdmsconsulting.com.br\/index.php?rest_route=\/wp\/v2\/pages"}],"about":[{"href":"https:\/\/jdmsconsulting.com.br\/index.php?rest_route=\/wp\/v2\/types\/page"}],"author":[{"embeddable":true,"href":"https:\/\/jdmsconsulting.com.br\/index.php?rest_route=\/wp\/v2\/users\/1"}],"replies":[{"embeddable":true,"href":"https:\/\/jdmsconsulting.com.br\/index.php?rest_route=%2Fwp%2Fv2%2Fcomments&post=171"}],"version-history":[{"count":1,"href":"https:\/\/jdmsconsulting.com.br\/index.php?rest_route=\/wp\/v2\/pages\/171\/revisions"}],"predecessor-version":[{"id":172,"href":"https:\/\/jdmsconsulting.com.br\/index.php?rest_route=\/wp\/v2\/pages\/171\/revisions\/172"}],"wp:attachment":[{"href":"https:\/\/jdmsconsulting.com.br\/index.php?rest_route=%2Fwp%2Fv2%2Fmedia&parent=171"}],"curies":[{"name":"wp","href":"https:\/\/api.w.org\/{rel}","templated":true}]}}