{"id":169,"date":"2022-10-20T09:13:59","date_gmt":"2022-10-20T12:13:59","guid":{"rendered":"https:\/\/jdmsconsulting.com.br\/?page_id=169"},"modified":"2022-10-20T09:13:59","modified_gmt":"2022-10-20T12:13:59","slug":"parametrizacao-fiscal-e-tributario","status":"publish","type":"page","link":"https:\/\/jdmsconsulting.com.br\/?page_id=169","title":{"rendered":"Parametriza\u00e7\u00e3o Fiscal e Tribut\u00e1rio"},"content":{"rendered":"\n<ul class=\"wp-block-list\"><li><strong>RETEN\u00c7\u00c3O NA FONTE &#8211;\u00a0<\/strong>Revis\u00e3o de ISS, PIS, COFINS, IRRF, CSLL e INSS sobre os servi\u00e7os prestados e tomados para adequa\u00e7\u00e3o ao REINF.<\/li><li><strong>REVIS\u00c3O DE REGRAS FISCAIS\/TRIBUT\u00c1RIAS &#8211;\u00a0<\/strong>Contempla a an\u00e1lise, revis\u00e3o, elabora\u00e7\u00e3o de novas regras e a elimina\u00e7\u00e3o de duplicidades das parametriza\u00e7\u00f5es existentes no ERP\/Solu\u00e7\u00e3o Fiscal visando o saneamento das opera\u00e7\u00f5es fiscais por CFOP, CST, CEST, Ajustes de Apura\u00e7\u00f5es, C\u00f3digos de Receitas, Reten\u00e7\u00f5es, Pagamentos e textos legais exigidos pelo fisco brasileiro.<\/li><li><strong>ENQUADRAMENTO TRIBUT\u00c1RIO<\/strong>\u00a0&#8211; Mapeamento dos tributos, al\u00edquotas e benef\u00edcios fiscais (ICMS, FCP, ICMS-ST, IPI, PIS, COFINS, ISSQN, IRRF, CSLL e INSS) correspondentes aos produtos e servi\u00e7os aplicados a cada opera\u00e7\u00e3o em conformidade com as atividades executadas pela empresa.<\/li><\/ul>\n","protected":false},"excerpt":{"rendered":"<p>RETEN\u00c7\u00c3O NA FONTE &#8211;\u00a0Revis\u00e3o de ISS, PIS, COFINS, IRRF, CSLL e INSS sobre os servi\u00e7os prestados e tomados para adequa\u00e7\u00e3o ao REINF. REVIS\u00c3O DE REGRAS FISCAIS\/TRIBUT\u00c1RIAS &#8211;\u00a0Contempla a an\u00e1lise, revis\u00e3o, elabora\u00e7\u00e3o de novas regras e a elimina\u00e7\u00e3o de duplicidades das parametriza\u00e7\u00f5es existentes no ERP\/Solu\u00e7\u00e3o Fiscal visando o saneamento das opera\u00e7\u00f5es fiscais por CFOP, CST, CEST, [&hellip;]<\/p>\n","protected":false},"author":1,"featured_media":0,"parent":0,"menu_order":0,"comment_status":"closed","ping_status":"closed","template":"","meta":{"footnotes":""},"class_list":["post-169","page","type-page","status-publish","hentry"],"_links":{"self":[{"href":"https:\/\/jdmsconsulting.com.br\/index.php?rest_route=\/wp\/v2\/pages\/169","targetHints":{"allow":["GET"]}}],"collection":[{"href":"https:\/\/jdmsconsulting.com.br\/index.php?rest_route=\/wp\/v2\/pages"}],"about":[{"href":"https:\/\/jdmsconsulting.com.br\/index.php?rest_route=\/wp\/v2\/types\/page"}],"author":[{"embeddable":true,"href":"https:\/\/jdmsconsulting.com.br\/index.php?rest_route=\/wp\/v2\/users\/1"}],"replies":[{"embeddable":true,"href":"https:\/\/jdmsconsulting.com.br\/index.php?rest_route=%2Fwp%2Fv2%2Fcomments&post=169"}],"version-history":[{"count":1,"href":"https:\/\/jdmsconsulting.com.br\/index.php?rest_route=\/wp\/v2\/pages\/169\/revisions"}],"predecessor-version":[{"id":170,"href":"https:\/\/jdmsconsulting.com.br\/index.php?rest_route=\/wp\/v2\/pages\/169\/revisions\/170"}],"wp:attachment":[{"href":"https:\/\/jdmsconsulting.com.br\/index.php?rest_route=%2Fwp%2Fv2%2Fmedia&parent=169"}],"curies":[{"name":"wp","href":"https:\/\/api.w.org\/{rel}","templated":true}]}}