{"id":167,"date":"2022-10-20T09:11:57","date_gmt":"2022-10-20T12:11:57","guid":{"rendered":"https:\/\/jdmsconsulting.com.br\/?page_id=167"},"modified":"2022-10-20T09:11:57","modified_gmt":"2022-10-20T12:11:57","slug":"consultoria-tributaria","status":"publish","type":"page","link":"https:\/\/jdmsconsulting.com.br\/?page_id=167","title":{"rendered":"Consultoria Tribut\u00e1ria"},"content":{"rendered":"\n<ul class=\"wp-block-list\"><li><strong>CONSULTORIA FISCAL<\/strong>\u00a0&#8211; Resolu\u00e7\u00f5es de d\u00favidas e quest\u00f5es relacionadas as opera\u00e7\u00f5es fiscais e tribut\u00e1rias expostas na legisla\u00e7\u00e3o Municipal, Estadual e Federal.<\/li><li><strong>ATENDIMENTO \u00c0 FISCALIZA\u00c7\u00c3O<\/strong>\u00a0&#8211; Realizamos o levantamento das notifica\u00e7\u00f5es emitidas pelo fisco, objeto da fiscaliza\u00e7\u00e3o de forma a avaliar a estrat\u00e9gia adequada, prepara\u00e7\u00e3o dos arquivos f\u00edsicos e digitais antes da entrega ao agente fiscal.<\/li><\/ul>\n","protected":false},"excerpt":{"rendered":"<p>CONSULTORIA FISCAL\u00a0&#8211; Resolu\u00e7\u00f5es de d\u00favidas e quest\u00f5es relacionadas as opera\u00e7\u00f5es fiscais e tribut\u00e1rias expostas na legisla\u00e7\u00e3o Municipal, Estadual e Federal. ATENDIMENTO \u00c0 FISCALIZA\u00c7\u00c3O\u00a0&#8211; Realizamos o levantamento das notifica\u00e7\u00f5es emitidas pelo fisco, objeto da fiscaliza\u00e7\u00e3o de forma a avaliar a estrat\u00e9gia adequada, prepara\u00e7\u00e3o dos arquivos f\u00edsicos e digitais antes da entrega ao agente fiscal.<\/p>\n","protected":false},"author":1,"featured_media":0,"parent":0,"menu_order":0,"comment_status":"closed","ping_status":"closed","template":"","meta":{"footnotes":""},"class_list":["post-167","page","type-page","status-publish","hentry"],"_links":{"self":[{"href":"https:\/\/jdmsconsulting.com.br\/index.php?rest_route=\/wp\/v2\/pages\/167","targetHints":{"allow":["GET"]}}],"collection":[{"href":"https:\/\/jdmsconsulting.com.br\/index.php?rest_route=\/wp\/v2\/pages"}],"about":[{"href":"https:\/\/jdmsconsulting.com.br\/index.php?rest_route=\/wp\/v2\/types\/page"}],"author":[{"embeddable":true,"href":"https:\/\/jdmsconsulting.com.br\/index.php?rest_route=\/wp\/v2\/users\/1"}],"replies":[{"embeddable":true,"href":"https:\/\/jdmsconsulting.com.br\/index.php?rest_route=%2Fwp%2Fv2%2Fcomments&post=167"}],"version-history":[{"count":1,"href":"https:\/\/jdmsconsulting.com.br\/index.php?rest_route=\/wp\/v2\/pages\/167\/revisions"}],"predecessor-version":[{"id":168,"href":"https:\/\/jdmsconsulting.com.br\/index.php?rest_route=\/wp\/v2\/pages\/167\/revisions\/168"}],"wp:attachment":[{"href":"https:\/\/jdmsconsulting.com.br\/index.php?rest_route=%2Fwp%2Fv2%2Fmedia&parent=167"}],"curies":[{"name":"wp","href":"https:\/\/api.w.org\/{rel}","templated":true}]}}