{"id":165,"date":"2022-10-20T09:09:23","date_gmt":"2022-10-20T12:09:23","guid":{"rendered":"https:\/\/jdmsconsulting.com.br\/?page_id=165"},"modified":"2022-10-20T09:09:23","modified_gmt":"2022-10-20T12:09:23","slug":"cadastros-de-produtos-e-servicos","status":"publish","type":"page","link":"https:\/\/jdmsconsulting.com.br\/?page_id=165","title":{"rendered":"Cadastros de Produtos e Servi\u00e7os"},"content":{"rendered":"\n<ul class=\"wp-block-list\"><li><strong>CLASSIFICA\u00c7\u00c3O FISCAL &#8211; NCM:\u00a0<\/strong>An\u00e1lise detalhada do item em conformidade com a NESH<\/li><li><strong>CATEGORIZA\u00c7\u00c3O UNSPSC<\/strong>: C\u00f3digo de Produtos e Servi\u00e7os Padr\u00e3o das Na\u00e7\u00f5es Unidas (United Nations Standard Products and Services Code \u2013 UNSPSC)<\/li><li><strong>CEST (C\u00d3DIGO ESPECIFICADOR DA SUBSTITUI\u00c7\u00c3O TRIBUT\u00c1RIA<\/strong>: Identifica\u00e7\u00e3o do CEST a ser atribu\u00eddo a cada item independentemente da aplica\u00e7\u00e3o da substitui\u00e7\u00e3o tribut\u00e1ria nas opera\u00e7\u00f5es de cada Estado. (Conv\u00eanio ICMS n\u00ba 142\/2018, Cl\u00e1usula vig\u00e9sima, Inciso I)<\/li><li><strong>ESTRUTURA\u00c7\u00c3O DE PDM E PDS<\/strong>: Com base na classifica\u00e7\u00e3o das fam\u00edlias de cada material e servi\u00e7o, ser\u00e1 desenvolvido a estrutura PDM e PDS: Fam\u00edlia \u2013 Tipo de Item; Fabricante; Modelo; Fun\u00e7\u00e3o; Capacidade; Peso; Descri\u00e7\u00f5es estabelecidas na LC 116\/2003, NBS (Nomenclatura Brasileira de Servi\u00e7os), NEBS (Notas Explicativas da Nomenclatura Brasileira de Servi\u00e7os), entre outros par\u00e2metros requeridos para cada cadastro.<\/li><li><strong>DESCRI\u00c7\u00d5ES RESUMIDAS E DETALHADAS<\/strong>: Fornecimento de descri\u00e7\u00f5es resumidas e detalhadas para cada cadastro de item e\/ou servi\u00e7os a serem utilizados na elabora\u00e7\u00e3o de Pedidos e em documentos fiscais eletr\u00f4nicos de acordo com a limita\u00e7\u00e3o da quantidade e tipo de caracteres estabelecidos pelo sistema.<\/li><\/ul>\n","protected":false},"excerpt":{"rendered":"<p>CLASSIFICA\u00c7\u00c3O FISCAL &#8211; NCM:\u00a0An\u00e1lise detalhada do item em conformidade com a NESH CATEGORIZA\u00c7\u00c3O UNSPSC: C\u00f3digo de Produtos e Servi\u00e7os Padr\u00e3o das Na\u00e7\u00f5es Unidas (United Nations Standard Products and Services Code \u2013 UNSPSC) CEST (C\u00d3DIGO ESPECIFICADOR DA SUBSTITUI\u00c7\u00c3O TRIBUT\u00c1RIA: Identifica\u00e7\u00e3o do CEST a ser atribu\u00eddo a cada item independentemente da aplica\u00e7\u00e3o da substitui\u00e7\u00e3o tribut\u00e1ria nas opera\u00e7\u00f5es [&hellip;]<\/p>\n","protected":false},"author":1,"featured_media":0,"parent":0,"menu_order":0,"comment_status":"closed","ping_status":"closed","template":"","meta":{"footnotes":""},"class_list":["post-165","page","type-page","status-publish","hentry"],"_links":{"self":[{"href":"https:\/\/jdmsconsulting.com.br\/index.php?rest_route=\/wp\/v2\/pages\/165","targetHints":{"allow":["GET"]}}],"collection":[{"href":"https:\/\/jdmsconsulting.com.br\/index.php?rest_route=\/wp\/v2\/pages"}],"about":[{"href":"https:\/\/jdmsconsulting.com.br\/index.php?rest_route=\/wp\/v2\/types\/page"}],"author":[{"embeddable":true,"href":"https:\/\/jdmsconsulting.com.br\/index.php?rest_route=\/wp\/v2\/users\/1"}],"replies":[{"embeddable":true,"href":"https:\/\/jdmsconsulting.com.br\/index.php?rest_route=%2Fwp%2Fv2%2Fcomments&post=165"}],"version-history":[{"count":1,"href":"https:\/\/jdmsconsulting.com.br\/index.php?rest_route=\/wp\/v2\/pages\/165\/revisions"}],"predecessor-version":[{"id":166,"href":"https:\/\/jdmsconsulting.com.br\/index.php?rest_route=\/wp\/v2\/pages\/165\/revisions\/166"}],"wp:attachment":[{"href":"https:\/\/jdmsconsulting.com.br\/index.php?rest_route=%2Fwp%2Fv2%2Fmedia&parent=165"}],"curies":[{"name":"wp","href":"https:\/\/api.w.org\/{rel}","templated":true}]}}